{"id":279,"date":"2026-03-09T10:42:37","date_gmt":"2026-03-09T09:42:37","guid":{"rendered":"https:\/\/lao.com.pl\/?page_id=279"},"modified":"2026-04-03T10:47:57","modified_gmt":"2026-04-03T08:47:57","slug":"konsultacje-projektowe","status":"publish","type":"page","link":"https:\/\/lao.com.pl\/?page_id=279","title":{"rendered":"Konsultacje projektowe"},"content":{"rendered":"\n<div class=\"wp-block-group alignfull has-accent-4-background-color has-background has-global-padding is-layout-constrained wp-container-core-group-is-layout-669513ed wp-block-group-is-layout-constrained\" style=\"margin-top:0;margin-bottom:0;padding-top:var(--wp--preset--spacing--50);padding-right:var(--wp--preset--spacing--50);padding-bottom:var(--wp--preset--spacing--50);padding-left:var(--wp--preset--spacing--50)\">\n<div class=\"wp-block-columns alignwide is-layout-flex wp-container-core-columns-is-layout-1da03c2a wp-block-columns-is-layout-flex\">\n<div class=\"wp-block-column is-vertically-aligned-stretch is-layout-flow wp-block-column-is-layout-flow\" style=\"flex-basis:50%\">\n<div class=\"wp-block-group is-vertical is-content-justification-stretch is-layout-flex wp-container-core-group-is-layout-444d5ee8 wp-block-group-is-layout-flex\" style=\"min-height:100%\">\n<p class=\"has-heading-font-family has-x-large-font-size\" style=\"line-height:1.2\">Czym s\u0105 konsultacje projektowe?<\/p>\n\n\n\n<p class=\"has-system-serif-font-family has-medium-font-size\">Konsultacja projektowa to pierwszy i najwa\u017cniejszy krok w procesie \u015bwiadomego kszta\u0142towania przestrzeni. To spotkanie, podczas kt\u00f3rego wizja i potrzeby Inwestora zderzaj\u0105 si\u0119 z wiedz\u0105 techniczn\u0105, znajomo\u015bci\u0105 materia\u0142\u00f3w oraz wyczuciem estetycznym.<\/p>\n\n\n\n<p class=\"has-system-serif-font-family has-medium-font-size\">Niezale\u017cnie od tego, czy planujesz zagospodarowanie terenu od podstaw, czy chcesz podda\u0107 metamorfozie istniej\u0105c\u0105 ju\u017c przestrze\u0144, konsultacja pozwala uporz\u0105dkowa\u0107 pomys\u0142y, unikn\u0105\u0107 kosztownych b\u0142\u0119d\u00f3w i wyznaczy\u0107 jasny kierunek dzia\u0142a\u0144.<\/p>\n\n\n\n<div class=\"wp-block-group has-global-padding is-content-justification-left is-layout-constrained wp-container-core-group-is-layout-9fe8ed88 wp-block-group-is-layout-constrained\">\n<div class=\"wp-block-buttons is-layout-flex wp-block-buttons-is-layout-flex\">\n<div class=\"wp-block-button is-style-fill\"><a class=\"wp-block-button__link has-contrast-color has-base-2-background-color has-text-color has-background has-link-color wp-element-button\" href=\"https:\/\/calendly.com\/justynajastrzebska\/spotkanieprojektowe\" target=\"_blank\" rel=\"noreferrer noopener\">Dost\u0119pne terminy<\/a><\/div>\n<\/div>\n<\/div>\n<\/div>\n<\/div>\n\n\n\n<div class=\"wp-block-column is-vertically-aligned-center has-accent-background-color has-background is-layout-flow wp-block-column-is-layout-flow\" style=\"flex-basis:50%\">\n<figure class=\"wp-block-image size-large is-style-rounded is-style-rounded--1\" style=\"margin-top:0;margin-bottom:0\"><img loading=\"lazy\" decoding=\"async\" width=\"1024\" height=\"576\" src=\"http:\/\/lao.com.pl\/wp-content\/uploads\/2024\/11\/23-1024x576.png\" alt=\"\" class=\"wp-image-164\" style=\"aspect-ratio:4\/3;object-fit:cover\" srcset=\"https:\/\/lao.com.pl\/wp-content\/uploads\/2024\/11\/23-1024x576.png 1024w, https:\/\/lao.com.pl\/wp-content\/uploads\/2024\/11\/23-300x169.png 300w, https:\/\/lao.com.pl\/wp-content\/uploads\/2024\/11\/23-768x432.png 768w, https:\/\/lao.com.pl\/wp-content\/uploads\/2024\/11\/23-1536x864.png 1536w, https:\/\/lao.com.pl\/wp-content\/uploads\/2024\/11\/23.png 1920w\" sizes=\"auto, (max-width: 1024px) 100vw, 1024px\" \/><\/figure>\n<\/div>\n<\/div>\n<\/div>\n\n\n\n<div class=\"wp-block-group alignfull has-base-2-background-color has-background has-global-padding is-layout-constrained wp-container-core-group-is-layout-b673cb31 wp-block-group-is-layout-constrained\" style=\"margin-top:0;margin-bottom:0;padding-top:var(--wp--preset--spacing--30);padding-right:var(--wp--preset--spacing--50);padding-bottom:var(--wp--preset--spacing--30);padding-left:var(--wp--preset--spacing--50)\">\n<div class=\"wp-block-columns alignwide is-layout-flex wp-container-core-columns-is-layout-549b0c86 wp-block-columns-is-layout-flex\">\n<div class=\"wp-block-column is-layout-flow wp-container-core-column-is-layout-119bc444 wp-block-column-is-layout-flow\" style=\"flex-basis:122%\">\n<p class=\"has-text-align-center has-accent-3-color has-text-color has-link-color has-heading-font-family has-x-large-font-size wp-elements-a654205fc91e28a22b7f962466439d32\" style=\"line-height:1.2\">Na czym dok\u0142adnie polega to spotkanie?<\/p>\n\n\n\n<p class=\"has-text-align-center\" style=\"margin-top:var(--wp--preset--spacing--10);margin-bottom:var(--wp--preset--spacing--10)\">Konsultacja to znacznie wi\u0119cej ni\u017c tylko rozmowa o estetyce. To proces analityczny, kt\u00f3ry najcz\u0119\u015bciej obejmuje:<\/p>\n\n\n\n<div class=\"wp-block-columns is-layout-flex wp-container-core-columns-is-layout-c5150b4a wp-block-columns-is-layout-flex\">\n<div class=\"wp-block-column is-layout-flow wp-block-column-is-layout-flow\">\n<figure class=\"wp-block-image size-large is-style-rounded is-style-rounded--2\"><img loading=\"lazy\" decoding=\"async\" width=\"2560\" height=\"1707\" src=\"https:\/\/lao.com.pl\/wp-content\/uploads\/2026\/03\/1-edited-scaled.jpg\" alt=\"\" class=\"wp-image-302\" srcset=\"https:\/\/lao.com.pl\/wp-content\/uploads\/2026\/03\/1-edited-scaled.jpg 2560w, https:\/\/lao.com.pl\/wp-content\/uploads\/2026\/03\/1-edited-300x200.jpg 300w, https:\/\/lao.com.pl\/wp-content\/uploads\/2026\/03\/1-edited-1024x683.jpg 1024w, https:\/\/lao.com.pl\/wp-content\/uploads\/2026\/03\/1-edited-768x512.jpg 768w, https:\/\/lao.com.pl\/wp-content\/uploads\/2026\/03\/1-edited-1536x1024.jpg 1536w, https:\/\/lao.com.pl\/wp-content\/uploads\/2026\/03\/1-edited-2048x1365.jpg 2048w\" sizes=\"auto, (max-width: 2560px) 100vw, 2560px\" \/><\/figure>\n\n\n\n<h2 class=\"wp-block-heading is-style-asterisk has-body-font-family has-medium-font-size\">Analiz\u0119 funkcjonalno-przestrzenn\u0105<\/h2>\n\n\n\n<p class=\"has-contrast-2-color has-text-color has-link-color has-small-font-size wp-elements-b271650fa149aaebe67ae78e0966fc75\">diagnozujemy potencja\u0142 oraz ograniczenia dzia\u0142ki. Wyznaczamy optymalne ci\u0105gi komunikacyjne, planujemy strefy u\u017cytkowe i dbamy o to, aby przestrze\u0144 by\u0142a ergonomiczna w codziennym u\u017cytkowaniu.<\/p>\n<\/div>\n\n\n\n<div class=\"wp-block-column is-layout-flow wp-block-column-is-layout-flow\">\n<figure class=\"wp-block-image size-large is-style-rounded is-style-rounded--3\"><img loading=\"lazy\" decoding=\"async\" width=\"1367\" height=\"911\" src=\"https:\/\/lao.com.pl\/wp-content\/uploads\/2026\/03\/6-edited-1.png\" alt=\"\" class=\"wp-image-301\" srcset=\"https:\/\/lao.com.pl\/wp-content\/uploads\/2026\/03\/6-edited-1.png 1367w, https:\/\/lao.com.pl\/wp-content\/uploads\/2026\/03\/6-edited-1-300x200.png 300w, https:\/\/lao.com.pl\/wp-content\/uploads\/2026\/03\/6-edited-1-1024x682.png 1024w, https:\/\/lao.com.pl\/wp-content\/uploads\/2026\/03\/6-edited-1-768x512.png 768w\" sizes=\"auto, (max-width: 1367px) 100vw, 1367px\" \/><\/figure>\n\n\n\n<h2 class=\"wp-block-heading is-style-asterisk has-body-font-family has-medium-font-size\">Wizj\u0119 estetyczna i dob\u00f3r materia\u0142\u00f3w<\/h2>\n\n\n\n<p class=\"has-contrast-2-color has-text-color has-link-color has-small-font-size wp-elements-9fc65caf43ecf63e50dd987b10ef4b86\">na podstawie architektury budynku oraz preferencji Inwestora budujemy sp\u00f3jn\u0105 palet\u0119 kolorystyczn\u0105 i materia\u0142ow\u0105. Dobieramy rozwi\u0105zania nawierzchniowe i wyko\u0144czeniowe, kt\u00f3re b\u0119d\u0105 nie tylko pi\u0119kne, ale i trwa\u0142e.<\/p>\n<\/div>\n\n\n\n<div class=\"wp-block-column is-layout-flow wp-block-column-is-layout-flow\">\n<figure class=\"wp-block-image size-large is-style-rounded is-style-rounded--4\"><img loading=\"lazy\" decoding=\"async\" width=\"1024\" height=\"683\" src=\"http:\/\/lao.com.pl\/wp-content\/uploads\/2025\/05\/8-edited-1024x683.png\" alt=\"\" class=\"wp-image-214\" srcset=\"https:\/\/lao.com.pl\/wp-content\/uploads\/2025\/05\/8-edited-1024x683.png 1024w, https:\/\/lao.com.pl\/wp-content\/uploads\/2025\/05\/8-edited-300x200.png 300w, https:\/\/lao.com.pl\/wp-content\/uploads\/2025\/05\/8-edited-768x512.png 768w, https:\/\/lao.com.pl\/wp-content\/uploads\/2025\/05\/8-edited-1536x1024.png 1536w, https:\/\/lao.com.pl\/wp-content\/uploads\/2025\/05\/8-edited.png 1620w\" sizes=\"auto, (max-width: 1024px) 100vw, 1024px\" \/><\/figure>\n\n\n\n<h2 class=\"wp-block-heading is-style-asterisk has-body-font-family has-medium-font-size\">Ocen\u0119 uwarunkowa\u0144 lokalnych (przy spotkaniach stacjonarnych)<\/h2>\n\n\n\n<p class=\"has-contrast-2-color has-text-color has-link-color has-small-font-size wp-elements-e51e87e28285b6a0ccdefd1f365fcbe0\">oceniamy rze\u017ab\u0119 terenu, ekspozycj\u0119 na s\u0142o\u0144ce, warunki wodne oraz istniej\u0105c\u0105 ziele\u0144.<\/p>\n<\/div>\n\n\n\n<div class=\"wp-block-column is-layout-flow wp-block-column-is-layout-flow\">\n<figure class=\"wp-block-image size-large is-style-rounded is-style-rounded--5\"><img loading=\"lazy\" decoding=\"async\" width=\"1024\" height=\"683\" src=\"http:\/\/lao.com.pl\/wp-content\/uploads\/2025\/01\/Zalesie-Gorne-Biedronki-edited-1024x683.jpg\" alt=\"\" class=\"wp-image-168\" srcset=\"https:\/\/lao.com.pl\/wp-content\/uploads\/2025\/01\/Zalesie-Gorne-Biedronki-edited-1024x683.jpg 1024w, https:\/\/lao.com.pl\/wp-content\/uploads\/2025\/01\/Zalesie-Gorne-Biedronki-edited-300x200.jpg 300w, https:\/\/lao.com.pl\/wp-content\/uploads\/2025\/01\/Zalesie-Gorne-Biedronki-edited-768x512.jpg 768w, https:\/\/lao.com.pl\/wp-content\/uploads\/2025\/01\/Zalesie-Gorne-Biedronki-edited-1536x1024.jpg 1536w, https:\/\/lao.com.pl\/wp-content\/uploads\/2025\/01\/Zalesie-Gorne-Biedronki-edited-2048x1365.jpg 2048w\" sizes=\"auto, (max-width: 1024px) 100vw, 1024px\" \/><\/figure>\n\n\n\n<h2 class=\"wp-block-heading is-style-asterisk has-body-font-family has-medium-font-size\">Rozwi\u0105zywanie problem\u00f3w<\/h2>\n\n\n\n<p class=\"has-contrast-2-color has-text-color has-link-color has-small-font-size wp-elements-aee72fdee8cd2835cc6eca6ea0d29e9d\">to czas na zadawanie pyta\u0144. Doradzamy, jak zamaskowa\u0107 nieatrakcyjne elementy otoczenia, jak poradzi\u0107 sobie ze spadkami terenu lub jak dobra\u0107 ro\u015blinno\u015b\u0107 do specyficznych (cz\u0119sto trudnych) warunk\u00f3w siedliskowych.<\/p>\n<\/div>\n<\/div>\n<\/div>\n<\/div>\n<\/div>\n\n\n\n<div class=\"wp-block-group alignfull has-global-padding is-layout-constrained wp-container-core-group-is-layout-cb151cc7 wp-block-group-is-layout-constrained\" style=\"margin-top:0;margin-bottom:0;padding-top:0;padding-right:var(--wp--preset--spacing--50);padding-bottom:0;padding-left:var(--wp--preset--spacing--50)\"><\/div>\n\n\n\n<p><\/p>\n","protected":false},"excerpt":{"rendered":"<p>Czym s\u0105 konsultacje projektowe? Konsultacja projektowa to pierwszy i najwa\u017cniejszy krok w procesie \u015bwiadomego kszta\u0142towania przestrzeni. To spotkanie, podczas kt\u00f3rego wizja i potrzeby Inwestora zderzaj\u0105 si\u0119 z wiedz\u0105 techniczn\u0105, znajomo\u015bci\u0105 materia\u0142\u00f3w oraz wyczuciem estetycznym. Niezale\u017cnie od tego, czy planujesz zagospodarowanie terenu od podstaw, czy chcesz podda\u0107 metamorfozie istniej\u0105c\u0105 ju\u017c przestrze\u0144, konsultacja pozwala uporz\u0105dkowa\u0107 pomys\u0142y, unikn\u0105\u0107 [&hellip;]<\/p>\n","protected":false},"author":1,"featured_media":0,"parent":0,"menu_order":0,"comment_status":"closed","ping_status":"closed","template":"","meta":{"footnotes":""},"class_list":["post-279","page","type-page","status-publish","hentry"],"_links":{"self":[{"href":"https:\/\/lao.com.pl\/index.php?rest_route=\/wp\/v2\/pages\/279","targetHints":{"allow":["GET"]}}],"collection":[{"href":"https:\/\/lao.com.pl\/index.php?rest_route=\/wp\/v2\/pages"}],"about":[{"href":"https:\/\/lao.com.pl\/index.php?rest_route=\/wp\/v2\/types\/page"}],"author":[{"embeddable":true,"href":"https:\/\/lao.com.pl\/index.php?rest_route=\/wp\/v2\/users\/1"}],"replies":[{"embeddable":true,"href":"https:\/\/lao.com.pl\/index.php?rest_route=%2Fwp%2Fv2%2Fcomments&post=279"}],"version-history":[{"count":13,"href":"https:\/\/lao.com.pl\/index.php?rest_route=\/wp\/v2\/pages\/279\/revisions"}],"predecessor-version":[{"id":324,"href":"https:\/\/lao.com.pl\/index.php?rest_route=\/wp\/v2\/pages\/279\/revisions\/324"}],"wp:attachment":[{"href":"https:\/\/lao.com.pl\/index.php?rest_route=%2Fwp%2Fv2%2Fmedia&parent=279"}],"curies":[{"name":"wp","href":"https:\/\/api.w.org\/{rel}","templated":true}]}}